{"id":10434,"date":"2024-10-15T15:52:36","date_gmt":"2024-10-15T15:52:36","guid":{"rendered":"https:\/\/jdo.vn\/?page_id=10434"},"modified":"2024-12-15T07:41:04","modified_gmt":"2024-12-15T07:41:04","slug":"blogs","status":"publish","type":"page","link":"https:\/\/jdo.vn\/vi\/blogs\/","title":{"rendered":"Blog"},"content":{"rendered":"\t\t<div data-elementor-type=\"wp-page\" data-elementor-id=\"10434\" class=\"elementor elementor-10434\">\n\t\t\t\t\t\t\t<div class=\"elementor-element elementor-element-a8f1075 e-flex e-con-boxed e-con e-parent\" data-id=\"a8f1075\" data-element_type=\"container\" data-settings=\"{&quot;background_background&quot;:&quot;classic&quot;,&quot;content_width&quot;:&quot;boxed&quot;}\" data-core-v316-plus=\"true\">\n\t\t\t\t\t<div class=\"e-con-inner\">\n\t\t\t\t<div class=\"elementor-element elementor-element-2e103f7 elementor-widget-mobile__width-inherit elementor-widget elementor-widget-html\" data-id=\"2e103f7\" data-element_type=\"widget\" data-widget_type=\"html.default\">\n\t\t\t\t<div class=\"elementor-widget-container\">\n\t\t\t<h2 class=\"sec-ttl\">\r\n    <span class=\"sec-ttl__text sec-ttl__white\">Blog<\/span><br>\r\n    <span class=\"sec-ttl__text sec-ttl__green\">Ch\u00fang t\u00f4i chia s\u1ebb g\u00ec?<span class=\" sec-ttl__shadow\">Ch\u00fang t\u00f4i chia s\u1ebb g\u00ec?<\/span><\/span>\r\n<\/h2>\t\t<\/div>\n\t\t\t\t<\/div>\n\t\t\t\t<div class=\"elementor-element elementor-element-7b4f581 elementor-widget-mobile__width-inherit elementor-widget elementor-widget-shortcode\" data-id=\"7b4f581\" data-element_type=\"widget\" data-widget_type=\"shortcode.default\">\n\t\t\t\t<div class=\"elementor-widget-container\">\n\t\t\t\t\t<div class=\"elementor-shortcode\">\n<div class=\"secArchiveBlog\">\n<!-- \t<p>Please specify a parent category slug.<\/p> -->\n\t<div class=\"secArchiveBlog-tabs\"><div class=\"secArchiveBlog-bars\"><div class=\"secArchiveBlog-bars__main\"><div class=\"secArchiveBlog-bars__item is-active\" data-tab=\"tab-all\"><p class=\"text\">T\u1ea5t c\u1ea3<\/p><\/div><div class=\"secArchiveBlog-bars__item\" data-tab=\"tab-75\"><p class=\"text\">C\u00e2u chuy\u1ec7n c\u1ee7a Minh<\/p><\/div><div class=\"secArchiveBlog-bars__item\" data-tab=\"tab-83\"><p class=\"text\">C\u00f4ng ngh\u1ec7<\/p><\/div><\/div><\/div><div class=\"secArchiveBlog-tabs__content is-active\" id=\"tab-all\"><div class=\"c-listPost\">            <div class=\"c-item blogBorderBg\" id=\"post-11633\">\n                <a class=\"c-item__main blogBorderBg-main\" href=\"https:\/\/jdo.vn\/vi\/cach-xem-gmail-da-backup-mot-cach-de-dang-va-nhanh-chong\/\" rel=\"bookmark\">\n                    <figure class=\"c-item__image\">\n                        <img decoding=\"async\" src=\"https:\/\/jdo.vn\/wp-content\/uploads\/2025\/03\/Leonardo_Phoenix_10_A_futuristic_digital_illustration_represen_2-1.jpg\" alt=\"C\u00e1ch Xem Gmail \u0110\u00e3 Backup M\u1ed9t C\u00e1ch D\u1ec5 D\u00e0ng V\u00e0 Nhanh Ch\u00f3ng\">                    <\/figure>\n                    <div class=\"c-item__content\">\n                        <p class=\"c-item__date\">20\/03\/2025<\/p>\n                        <h3 class=\"c-item__ttl\">C\u00e1ch Xem Gmail \u0110\u00e3 Backup M\u1ed9t C\u00e1ch D\u1ec5 D\u00e0ng V\u00e0 Nhanh Ch\u00f3ng<\/h3>\n                    <\/div>\n                <\/a>\n            <\/div>\n                        <div class=\"c-item blogBorderBg\" id=\"post-11612\">\n                <a class=\"c-item__main blogBorderBg-main\" href=\"https:\/\/jdo.vn\/vi\/huong-dan-backup-gmail-chi-tiet-va-hieu-qua-cho-nguoi-dung-bao-ve-du-lieu-chi-trong-vai-buoc\/\" rel=\"bookmark\">\n                    <figure class=\"c-item__image\">\n                        <img decoding=\"async\" src=\"https:\/\/jdo.vn\/wp-content\/uploads\/2025\/03\/Leonardo_Phoenix_10_A_futuristic_digital_illustration_represen_2.jpg\" alt=\"H\u01b0\u1edbng D\u1eabn Backup Gmail Chi Ti\u1ebft v\u00e0 Hi\u1ec7u Qu\u1ea3 Cho Ng\u01b0\u1eddi D\u00f9ng: B\u1ea3o V\u1ec7 D\u1eef Li\u1ec7u Ch\u1ec9 Trong V\u00e0i B\u01b0\u1edbc\">                    <\/figure>\n                    <div class=\"c-item__content\">\n                        <p class=\"c-item__date\">20\/03\/2025<\/p>\n                        <h3 class=\"c-item__ttl\">H\u01b0\u1edbng D\u1eabn Backup Gmail Chi Ti\u1ebft v\u00e0 Hi\u1ec7u Qu\u1ea3 Cho Ng\u01b0\u1eddi D\u00f9ng: B\u1ea3o V\u1ec7 D\u1eef Li\u1ec7u Ch\u1ec9 Trong V\u00e0i B\u01b0\u1edbc<\/h3>\n                    <\/div>\n                <\/a>\n            <\/div>\n                        <div class=\"c-item blogBorderBg\" id=\"post-11278\">\n                <a class=\"c-item__main blogBorderBg-main\" href=\"https:\/\/jdo.vn\/vi\/cam-bien-iot-nguoi-ban-dong-hanh-cua-cay-trong\/\" rel=\"bookmark\">\n                    <figure class=\"c-item__image\">\n                        <img decoding=\"async\" src=\"https:\/\/jdo.vn\/wp-content\/uploads\/2024\/12\/JDO-TEMPLATE-3.png\" alt=\"C\u1ea3m Bi\u1ebfn IoT &#8211; Ng\u01b0\u1eddi B\u1ea1n \u0110\u1ed3ng H\u00e0nh C\u1ee7a C\u00e2y Tr\u1ed3ng\">                    <\/figure>\n                    <div class=\"c-item__content\">\n                        <p class=\"c-item__date\">03\/12\/2024<\/p>\n                        <h3 class=\"c-item__ttl\">C\u1ea3m Bi\u1ebfn IoT &#8211; Ng\u01b0\u1eddi B\u1ea1n \u0110\u1ed3ng H\u00e0nh C\u1ee7a C\u00e2y Tr\u1ed3ng<\/h3>\n                    <\/div>\n                <\/a>\n            <\/div>\n                        <div class=\"c-item blogBorderBg\" id=\"post-11154\">\n                <a class=\"c-item__main blogBorderBg-main\" href=\"https:\/\/jdo.vn\/vi\/hanh-trinh-tu-van-phong-den-canh-dong\/\" rel=\"bookmark\">\n                    <figure class=\"c-item__image\">\n                        <img decoding=\"async\" src=\"https:\/\/jdo.vn\/wp-content\/uploads\/2024\/11\/JDO-TEMPLATE-1.png\" alt=\"C\u00e2u chuy\u1ec7n c\u1ee7a Minh &#8211; H\u00e0nh tr\u00ecnh t\u1eeb v\u0103n ph\u00f2ng \u0111\u1ebfn c\u00e1nh \u0111\u1ed3ng\">                    <\/figure>\n                    <div class=\"c-item__content\">\n                        <p class=\"c-item__date\">29\/11\/2024<\/p>\n                        <h3 class=\"c-item__ttl\">C\u00e2u chuy\u1ec7n c\u1ee7a Minh &#8211; H\u00e0nh tr\u00ecnh t\u1eeb v\u0103n ph\u00f2ng \u0111\u1ebfn c\u00e1nh \u0111\u1ed3ng<\/h3>\n                    <\/div>\n                <\/a>\n            <\/div>\n                        <div class=\"c-item blogBorderBg\" id=\"post-11116\">\n                <a class=\"c-item__main blogBorderBg-main\" href=\"https:\/\/jdo.vn\/vi\/jdo-aiot-de-dang-voi-jdo-kham-pha-cac-ung-dung-aiot-trong-cuoc-song\/\" rel=\"bookmark\">\n                    <figure class=\"c-item__image\">\n                        <img decoding=\"async\" src=\"https:\/\/jdo.vn\/wp-content\/uploads\/2024\/11\/1-1.jpg\" alt=\"AIoT D\u1ec5 D\u00e0ng V\u1edbi JDO: Kh\u00e1m Ph\u00e1 C\u00e1c \u1ee8ng D\u1ee5ng AIoT Trong Cu\u1ed9c S\u1ed1ng\">                    <\/figure>\n                    <div class=\"c-item__content\">\n                        <p class=\"c-item__date\">26\/11\/2024<\/p>\n                        <h3 class=\"c-item__ttl\">AIoT D\u1ec5 D\u00e0ng V\u1edbi JDO: Kh\u00e1m Ph\u00e1 C\u00e1c \u1ee8ng D\u1ee5ng AIoT Trong Cu\u1ed9c S\u1ed1ng<\/h3>\n                    <\/div>\n                <\/a>\n            <\/div>\n            <\/div><\/div><div class=\"secArchiveBlog-tabs__content\" id=\"tab-75\"><div class=\"c-childCategory\"><div class=\"c-childTitle\"><h3>C\u00e2u chuy\u1ec7n c\u1ee7a Minh<\/h3><\/div><div class=\"c-listPost\" data-category=\"75\">                    <div class=\"c-item blogBorderBg\" id=\"post-11278\">\n                        <a class=\"c-item__main blogBorderBg-main\" href=\"https:\/\/jdo.vn\/vi\/cam-bien-iot-nguoi-ban-dong-hanh-cua-cay-trong\/\" rel=\"bookmark\">\n                            <figure class=\"c-item__image\">\n                                <img decoding=\"async\" src=\"https:\/\/jdo.vn\/wp-content\/uploads\/2024\/12\/JDO-TEMPLATE-3.png\" alt=\"C\u1ea3m Bi\u1ebfn IoT &#8211; Ng\u01b0\u1eddi B\u1ea1n \u0110\u1ed3ng H\u00e0nh C\u1ee7a C\u00e2y Tr\u1ed3ng\">                            <\/figure>\n                            <div class=\"c-item__content\">\n                                <p class=\"c-item__date\">03\/12\/2024<\/p>\n                                <h3 class=\"c-item__ttl\">C\u1ea3m Bi\u1ebfn IoT &#8211; Ng\u01b0\u1eddi B\u1ea1n \u0110\u1ed3ng H\u00e0nh C\u1ee7a C\u00e2y Tr\u1ed3ng<\/h3>\n                            <\/div>\n                        <\/a>\n                    <\/div>\n                                        <div class=\"c-item blogBorderBg\" id=\"post-11154\">\n                        <a class=\"c-item__main blogBorderBg-main\" href=\"https:\/\/jdo.vn\/vi\/hanh-trinh-tu-van-phong-den-canh-dong\/\" rel=\"bookmark\">\n                            <figure class=\"c-item__image\">\n                                <img decoding=\"async\" src=\"https:\/\/jdo.vn\/wp-content\/uploads\/2024\/11\/JDO-TEMPLATE-1.png\" alt=\"C\u00e2u chuy\u1ec7n c\u1ee7a Minh &#8211; H\u00e0nh tr\u00ecnh t\u1eeb v\u0103n ph\u00f2ng \u0111\u1ebfn c\u00e1nh \u0111\u1ed3ng\">                            <\/figure>\n                            <div class=\"c-item__content\">\n                                <p class=\"c-item__date\">29\/11\/2024<\/p>\n                                <h3 class=\"c-item__ttl\">C\u00e2u chuy\u1ec7n c\u1ee7a Minh &#8211; H\u00e0nh tr\u00ecnh t\u1eeb v\u0103n ph\u00f2ng \u0111\u1ebfn c\u00e1nh \u0111\u1ed3ng<\/h3>\n                            <\/div>\n                        <\/a>\n                    <\/div>\n                    <\/div><\/div><\/div><div class=\"secArchiveBlog-tabs__content\" id=\"tab-83\"><div class=\"c-childCategory\"><div class=\"c-childTitle\"><h3>C\u00f4ng ngh\u1ec7<\/h3><\/div><div class=\"c-listPost\" data-category=\"83\">                    <div class=\"c-item blogBorderBg\" id=\"post-11633\">\n                        <a class=\"c-item__main blogBorderBg-main\" href=\"https:\/\/jdo.vn\/vi\/cach-xem-gmail-da-backup-mot-cach-de-dang-va-nhanh-chong\/\" rel=\"bookmark\">\n                            <figure class=\"c-item__image\">\n                                <img decoding=\"async\" src=\"https:\/\/jdo.vn\/wp-content\/uploads\/2025\/03\/Leonardo_Phoenix_10_A_futuristic_digital_illustration_represen_2-1.jpg\" alt=\"C\u00e1ch Xem Gmail \u0110\u00e3 Backup M\u1ed9t C\u00e1ch D\u1ec5 D\u00e0ng V\u00e0 Nhanh Ch\u00f3ng\">                            <\/figure>\n                            <div class=\"c-item__content\">\n                                <p class=\"c-item__date\">20\/03\/2025<\/p>\n                                <h3 class=\"c-item__ttl\">C\u00e1ch Xem Gmail \u0110\u00e3 Backup M\u1ed9t C\u00e1ch D\u1ec5 D\u00e0ng V\u00e0 Nhanh Ch\u00f3ng<\/h3>\n                            <\/div>\n                        <\/a>\n                    <\/div>\n                                        <div class=\"c-item blogBorderBg\" id=\"post-11612\">\n                        <a class=\"c-item__main blogBorderBg-main\" href=\"https:\/\/jdo.vn\/vi\/huong-dan-backup-gmail-chi-tiet-va-hieu-qua-cho-nguoi-dung-bao-ve-du-lieu-chi-trong-vai-buoc\/\" rel=\"bookmark\">\n                            <figure class=\"c-item__image\">\n                                <img decoding=\"async\" src=\"https:\/\/jdo.vn\/wp-content\/uploads\/2025\/03\/Leonardo_Phoenix_10_A_futuristic_digital_illustration_represen_2.jpg\" alt=\"H\u01b0\u1edbng D\u1eabn Backup Gmail Chi Ti\u1ebft v\u00e0 Hi\u1ec7u Qu\u1ea3 Cho Ng\u01b0\u1eddi D\u00f9ng: B\u1ea3o V\u1ec7 D\u1eef Li\u1ec7u Ch\u1ec9 Trong V\u00e0i B\u01b0\u1edbc\">                            <\/figure>\n                            <div class=\"c-item__content\">\n                                <p class=\"c-item__date\">20\/03\/2025<\/p>\n                                <h3 class=\"c-item__ttl\">H\u01b0\u1edbng D\u1eabn Backup Gmail Chi Ti\u1ebft v\u00e0 Hi\u1ec7u Qu\u1ea3 Cho Ng\u01b0\u1eddi D\u00f9ng: B\u1ea3o V\u1ec7 D\u1eef Li\u1ec7u Ch\u1ec9 Trong V\u00e0i B\u01b0\u1edbc<\/h3>\n                            <\/div>\n                        <\/a>\n                    <\/div>\n                                        <div class=\"c-item blogBorderBg\" id=\"post-11116\">\n                        <a class=\"c-item__main blogBorderBg-main\" href=\"https:\/\/jdo.vn\/vi\/jdo-aiot-de-dang-voi-jdo-kham-pha-cac-ung-dung-aiot-trong-cuoc-song\/\" rel=\"bookmark\">\n                            <figure class=\"c-item__image\">\n                                <img decoding=\"async\" src=\"https:\/\/jdo.vn\/wp-content\/uploads\/2024\/11\/1-1.jpg\" alt=\"AIoT D\u1ec5 D\u00e0ng V\u1edbi JDO: Kh\u00e1m Ph\u00e1 C\u00e1c \u1ee8ng D\u1ee5ng AIoT Trong Cu\u1ed9c S\u1ed1ng\">                            <\/figure>\n                            <div class=\"c-item__content\">\n                                <p class=\"c-item__date\">26\/11\/2024<\/p>\n                                <h3 class=\"c-item__ttl\">AIoT D\u1ec5 D\u00e0ng V\u1edbi JDO: Kh\u00e1m Ph\u00e1 C\u00e1c \u1ee8ng D\u1ee5ng AIoT Trong Cu\u1ed9c S\u1ed1ng<\/h3>\n                            <\/div>\n                        <\/a>\n                    <\/div>\n                    <\/div><\/div><\/div><\/div><\/div>\n\n<\/div>\n\t\t\t\t<\/div>\n\t\t\t\t<\/div>\n\t\t\t\t\t<\/div>\n\t\t\t\t<\/div>\n\t\t\t\t\t\t\t<\/div>\n\t\t","protected":false},"excerpt":{"rendered":"Blog","protected":false},"author":2,"featured_media":0,"parent":0,"menu_order":0,"comment_status":"closed","ping_status":"closed","template":"elementor_header_footer","meta":{"footnotes":""},"class_list":["post-10434","page","type-page","status-publish","hentry"],"acf":[],"_links":{"self":[{"href":"https:\/\/jdo.vn\/vi\/wp-json\/wp\/v2\/pages\/10434","targetHints":{"allow":["GET"]}}],"collection":[{"href":"https:\/\/jdo.vn\/vi\/wp-json\/wp\/v2\/pages"}],"about":[{"href":"https:\/\/jdo.vn\/vi\/wp-json\/wp\/v2\/types\/page"}],"author":[{"embeddable":true,"href":"https:\/\/jdo.vn\/vi\/wp-json\/wp\/v2\/users\/2"}],"replies":[{"embeddable":true,"href":"https:\/\/jdo.vn\/vi\/wp-json\/wp\/v2\/comments?post=10434"}],"version-history":[{"count":6,"href":"https:\/\/jdo.vn\/vi\/wp-json\/wp\/v2\/pages\/10434\/revisions"}],"predecessor-version":[{"id":11033,"href":"https:\/\/jdo.vn\/vi\/wp-json\/wp\/v2\/pages\/10434\/revisions\/11033"}],"wp:attachment":[{"href":"https:\/\/jdo.vn\/vi\/wp-json\/wp\/v2\/media?parent=10434"}],"curies":[{"name":"wp","href":"https:\/\/api.w.org\/{rel}","templated":true}]}}