{"id":10499,"date":"2024-10-16T17:21:49","date_gmt":"2024-10-16T17:21:49","guid":{"rendered":"https:\/\/jdo.vn\/?page_id=10499"},"modified":"2024-12-01T11:59:07","modified_gmt":"2024-12-01T11:59:07","slug":"story","status":"publish","type":"page","link":"https:\/\/jdo.vn\/vi\/cau-chuyen\/","title":{"rendered":"Story"},"content":{"rendered":"\t\t<div data-elementor-type=\"wp-page\" data-elementor-id=\"10499\" class=\"elementor elementor-10499\">\n\t\t\t\t\t\t\t<div class=\"elementor-element elementor-element-a8f1075 secArchiveStory e-flex e-con-boxed e-con e-parent\" data-id=\"a8f1075\" data-element_type=\"container\" data-settings=\"{&quot;background_background&quot;:&quot;classic&quot;,&quot;content_width&quot;:&quot;boxed&quot;}\" data-core-v316-plus=\"true\">\n\t\t\t\t\t<div class=\"e-con-inner\">\n\t\t\t\t<div class=\"elementor-element elementor-element-1244aa4 elementor-widget elementor-widget-html\" data-id=\"1244aa4\" data-element_type=\"widget\" data-widget_type=\"html.default\">\n\t\t\t\t<div class=\"elementor-widget-container\">\n\t\t\t<h2 class=\"sec-ttl\">\r\n    <span class=\"sec-ttl__text sec-ttl__white\">C\u00e2u chuy\u1ec7n<\/span><br>\r\n    <span class=\"sec-ttl__text sec-ttl__green\">Ch\u00fang t\u00f4i \u0111\u0103ng g\u00ec?<span class=\" sec-ttl__shadow\">Ch\u00fang t\u00f4i \u0111\u0103ng g\u00ec?<\/span><\/span>\r\n<\/h2>\t\t<\/div>\n\t\t\t\t<\/div>\n\t\t\t\t<div class=\"elementor-element elementor-element-7b4f581 elementor-widget elementor-widget-shortcode\" data-id=\"7b4f581\" data-element_type=\"widget\" data-widget_type=\"shortcode.default\">\n\t\t\t\t<div class=\"elementor-widget-container\">\n\t\t\t\t\t<div class=\"elementor-shortcode\">\n<div class=\"listStory\">\n\t\t<div class=\"listStory-main \">\n\t\t\t\t<div class=\"c-item borderBg\">\n\t\t\t<a class=\"c-item__main borderBg-main\" href=\"https:\/\/jdo.vn\/vi\/cau-chuyen\/trai-nghiem-giao-dien-moi-cua-jchat-do-nguoi-viet-thiet-ke-danh-rieng-cho-nguoi-viet\/\" rel=\"bookmark\">\n\t\t\t\t<p class=\"c-item__date\">23\/07\/2025<\/p>\n\t\t\t\t<figure class=\"c-item__image\">\n\t\t\t\t\t<img decoding=\"async\" src=\"https:\/\/jdo.vn\/wp-content\/uploads\/2025\/07\/14-4-jChat.jpg\"\n\t\t\t\t\t\t alt=\"Image\"\/>\n\t\t\t\t<\/figure>\n\t\t\t\t<div class=\"c-item__content\">\n\t\t\t\t\t<h3 class=\"c-item__ttl\">\n\t\t\t\t\t\tTr\u1ea3i Nghi\u1ec7m Giao Di\u1ec7n M\u1edbi C\u1ee7a jChat - Do Ng\u01b0\u1eddi Vi\u1ec7t Thi\u1ebft K\u1ebf, D\u00e0nh Ri\u00eang Cho Ng\u01b0\u1eddi Vi\u1ec7t\t\t\t\t\t<\/h3>\n\t\t\t\t\t<p class=\"c-item__txt\">\n\t\t\t\t\t\tjChat l\u00e0 n\u1ec1n t\u1ea3ng nh\u1eafn tin b\u1ea3o m\u1eadt \u0111\u01b0\u1ee3c ph\u00e1t tri\u1ec3n b\u1edfi ng\u01b0\u1eddi Vi\u1ec7t, ch\u00ednh th\u1ee9c ra m\u1eaft giao di\u1ec7n m\u1edbi v\u1edbi thi\u1ebft k\u1ebf hi\u1ec7n \u0111\u1ea1i, tinh g\u1ecdn v\u00e0 t\u1ed1i \u01b0u h\u00f3a tr\u1ea3i nghi\u1ec7m ng\u01b0\u1eddi d\u00f9ng.\t\t\t\t\t<\/p>\n\t\t\t\t<\/div>\n\t\t\t<\/a>\n\t\t<\/div>\n\t\t\t\t<div class=\"c-item borderBg\">\n\t\t\t<a class=\"c-item__main borderBg-main\" href=\"https:\/\/jdo.vn\/vi\/cau-chuyen\/vi-sao-nguoi-viet-can-mot-nen-tang-nhan-tin-do-chinh-nguoi-viet-phat-trien\/\" rel=\"bookmark\">\n\t\t\t\t<p class=\"c-item__date\">23\/07\/2025<\/p>\n\t\t\t\t<figure class=\"c-item__image\">\n\t\t\t\t\t<img decoding=\"async\" src=\"https:\/\/jdo.vn\/wp-content\/uploads\/2025\/07\/jChat-19-06.jpg\"\n\t\t\t\t\t\t alt=\"Image\"\/>\n\t\t\t\t<\/figure>\n\t\t\t\t<div class=\"c-item__content\">\n\t\t\t\t\t<h3 class=\"c-item__ttl\">\n\t\t\t\t\t\tV\u00ec Sao Ng\u01b0\u1eddi Vi\u1ec7t C\u1ea7n M\u1ed9t N\u1ec1n T\u1ea3ng Nh\u1eafn Tin Do Ch\u00ednh Ng\u01b0\u1eddi Vi\u1ec7t Ph\u00e1t Tri\u1ec3n?\t\t\t\t\t<\/h3>\n\t\t\t\t\t<p class=\"c-item__txt\">\n\t\t\t\t\t\tTrong k\u1ef7 nguy\u00ean s\u1ed1, giao ti\u1ebfp tr\u1ef1c tuy\u1ebfn tr\u1edf th\u00e0nh m\u1ed9t ph\u1ea7n kh\u00f4ng th\u1ec3 thi\u1ebfu trong c\u00f4ng vi\u1ec7c, h\u1ecdc t\u1eadp v\u00e0 cu\u1ed9c s\u1ed1ng h\u00e0ng ng\u00e0y.\t\t\t\t\t<\/p>\n\t\t\t\t<\/div>\n\t\t\t<\/a>\n\t\t<\/div>\n\t\t\t\t<div class=\"c-item borderBg\">\n\t\t\t<a class=\"c-item__main borderBg-main\" href=\"https:\/\/jdo.vn\/vi\/cau-chuyen\/feed-farm-food-chuoi-cung-ung-ben-vung-trong-nganh-nong-nghiep\/\" rel=\"bookmark\">\n\t\t\t\t<p class=\"c-item__date\">08\/03\/2025<\/p>\n\t\t\t\t<figure class=\"c-item__image\">\n\t\t\t\t\t<img decoding=\"async\" src=\"https:\/\/jdo.vn\/wp-content\/uploads\/2025\/03\/3F-1.png\"\n\t\t\t\t\t\t alt=\"Image\"\/>\n\t\t\t\t<\/figure>\n\t\t\t\t<div class=\"c-item__content\">\n\t\t\t\t\t<h3 class=\"c-item__ttl\">\n\t\t\t\t\t\tFeed \u2013 Farm \u2013 Food: Chu\u1ed7i Cung \u1ee8ng B\u1ec1n V\u1eefng Trong Ng\u00e0nh N\u00f4ng Nghi\u1ec7p\t\t\t\t\t<\/h3>\n\t\t\t\t\t<p class=\"c-item__txt\">\n\t\t\t\t\t\tT\u1eeb th\u1ee9c \u0103n ch\u0103n nu\u00f4i \u0111\u1ebfn b\u00e0n \u0103n \u2013 Gi\u1ea3i ph\u00e1p t\u1ed1i \u01b0u cho th\u1ef1c ph\u1ea9m an to\u00e0n v\u00e0 ph\u00e1t tri\u1ec3n b\u1ec1n v\u1eefng\t\t\t\t\t<\/p>\n\t\t\t\t<\/div>\n\t\t\t<\/a>\n\t\t<\/div>\n\t\t\t\t<div class=\"c-item borderBg\">\n\t\t\t<a class=\"c-item__main borderBg-main\" href=\"https:\/\/jdo.vn\/vi\/cau-chuyen\/jchat-ung-dung-nhan-tin-goi-video-mien-phi-bao-mat-cao\/\" rel=\"bookmark\">\n\t\t\t\t<p class=\"c-item__date\">22\/02\/2025<\/p>\n\t\t\t\t<figure class=\"c-item__image\">\n\t\t\t\t\t<img decoding=\"async\" src=\"https:\/\/jdo.vn\/wp-content\/uploads\/2025\/02\/6152200490566403938.jpg\"\n\t\t\t\t\t\t alt=\"Image\"\/>\n\t\t\t\t<\/figure>\n\t\t\t\t<div class=\"c-item__content\">\n\t\t\t\t\t<h3 class=\"c-item__ttl\">\n\t\t\t\t\t\tjChat \u2013 \u1ee8ng D\u1ee5ng Nh\u1eafn Tin &amp; G\u1ecdi Video Mi\u1ec5n Ph\u00ed, B\u1ea3o M\u1eadt Cao\t\t\t\t\t<\/h3>\n\t\t\t\t\t<p class=\"c-item__txt\">\n\t\t\t\t\t\tTrong m\u1ed9t th\u1ebf gi\u1edbi chuy\u1ec3n \u0111\u1ed9ng kh\u00f4ng ng\u1eebng, giao ti\u1ebfp tr\u1edf n\u00ean quan tr\u1ecdng h\u01a1n bao gi\u1edd h\u1ebft.\t\t\t\t\t<\/p>\n\t\t\t\t<\/div>\n\t\t\t<\/a>\n\t\t<\/div>\n\t\t\t\t<div class=\"c-item borderBg\">\n\t\t\t<a class=\"c-item__main borderBg-main\" href=\"https:\/\/jdo.vn\/vi\/cau-chuyen\/aiot-tuong-lai-cua-cac-thiet-bi-thong-minh\/\" rel=\"bookmark\">\n\t\t\t\t<p class=\"c-item__date\">25\/12\/2024<\/p>\n\t\t\t\t<figure class=\"c-item__image\">\n\t\t\t\t\t<img decoding=\"async\" src=\"https:\/\/jdo.vn\/wp-content\/uploads\/2024\/12\/JDO-TEMPLATE-5.png\"\n\t\t\t\t\t\t alt=\"Image\"\/>\n\t\t\t\t<\/figure>\n\t\t\t\t<div class=\"c-item__content\">\n\t\t\t\t\t<h3 class=\"c-item__ttl\">\n\t\t\t\t\t\tAIoT: T\u01b0\u01a1ng Lai C\u1ee7a C\u00e1c Thi\u1ebft B\u1ecb Th\u00f4ng Minh\t\t\t\t\t<\/h3>\n\t\t\t\t\t<p class=\"c-item__txt\">\n\t\t\t\t\t\t1. AIoT L\u00e0 G\u00ec?\t\t\t\t\t<\/p>\n\t\t\t\t<\/div>\n\t\t\t<\/a>\n\t\t<\/div>\n\t\t\t\t<div class=\"c-item borderBg\">\n\t\t\t<a class=\"c-item__main borderBg-main\" href=\"https:\/\/jdo.vn\/vi\/cau-chuyen\/dich-vu-ux-ui-cua-jdo-bi-quyet-de-chinh-phuc-khach-hang\/\" rel=\"bookmark\">\n\t\t\t\t<p class=\"c-item__date\">03\/12\/2024<\/p>\n\t\t\t\t<figure class=\"c-item__image\">\n\t\t\t\t\t<img decoding=\"async\" src=\"https:\/\/jdo.vn\/wp-content\/uploads\/2024\/12\/JDO-TEMPLATE-2.png\"\n\t\t\t\t\t\t alt=\"Image\"\/>\n\t\t\t\t<\/figure>\n\t\t\t\t<div class=\"c-item__content\">\n\t\t\t\t\t<h3 class=\"c-item__ttl\">\n\t\t\t\t\t\tD\u1ecbch V\u1ee5 UX\/UI C\u1ee7a JDO: B\u00ed Quy\u1ebft \u0110\u1ec3 Chinh Ph\u1ee5c Kh\u00e1ch H\u00e0ng\t\t\t\t\t<\/h3>\n\t\t\t\t\t<p class=\"c-item__txt\">\n\t\t\t\t\t\t1. UX\/UI - Y\u1ebfu T\u1ed1 Quy\u1ebft \u0110\u1ecbnh Th\u00e0nh C\u00f4ng C\u1ee7a Doanh Nghi\u1ec7p\t\t\t\t\t<\/p>\n\t\t\t\t<\/div>\n\t\t\t<\/a>\n\t\t<\/div>\n\t\t\t\t<div class=\"c-item borderBg\">\n\t\t\t<a class=\"c-item__main borderBg-main\" href=\"https:\/\/jdo.vn\/vi\/cau-chuyen\/hanh-trinh-jdo-thanh-lap-thach-thuc-va-co-hoi-khi-khoi-nghiep-trong-linh-vuc-cong-nghe\/\" rel=\"bookmark\">\n\t\t\t\t<p class=\"c-item__date\">03\/12\/2024<\/p>\n\t\t\t\t<figure class=\"c-item__image\">\n\t\t\t\t\t<img decoding=\"async\" src=\"https:\/\/jdo.vn\/wp-content\/uploads\/2024\/12\/JDO-Thach-thuc.png\"\n\t\t\t\t\t\t alt=\"Image\"\/>\n\t\t\t\t<\/figure>\n\t\t\t\t<div class=\"c-item__content\">\n\t\t\t\t\t<h3 class=\"c-item__ttl\">\n\t\t\t\t\t\tH\u00e0nh Tr\u00ecnh JDO Th\u00e0nh L\u1eadp: Th\u00e1ch Th\u1ee9c v\u00e0 C\u01a1 H\u1ed9i Khi Kh\u1edfi Nghi\u1ec7p Trong L\u0129nh V\u1ef1c C\u00f4ng Ngh\u1ec7\t\t\t\t\t<\/h3>\n\t\t\t\t\t<p class=\"c-item__txt\">\n\t\t\t\t\t\t1. Th\u00e1ch Th\u1ee9c: V\u01b0\u1ee3t Qua R\u00e0o C\u1ea3n \u0110\u1ea7u Ti\u00ean\t\t\t\t\t<\/p>\n\t\t\t\t<\/div>\n\t\t\t<\/a>\n\t\t<\/div>\n\t\t\t\t<div class=\"c-item borderBg\">\n\t\t\t<a class=\"c-item__main borderBg-main\" href=\"https:\/\/jdo.vn\/vi\/cau-chuyen\/gia-tri-cua-jdo-nang-cao-nhan-thuc-ve-cong-nghe-tien-tien\/\" rel=\"bookmark\">\n\t\t\t\t<p class=\"c-item__date\">29\/11\/2024<\/p>\n\t\t\t\t<figure class=\"c-item__image\">\n\t\t\t\t\t<img decoding=\"async\" src=\"https:\/\/jdo.vn\/wp-content\/uploads\/2024\/11\/JDO-THANH-LAP.png\"\n\t\t\t\t\t\t alt=\"Image\"\/>\n\t\t\t\t<\/figure>\n\t\t\t\t<div class=\"c-item__content\">\n\t\t\t\t\t<h3 class=\"c-item__ttl\">\n\t\t\t\t\t\tGi\u00e1 Tr\u1ecb C\u1ee7a JDO: N\u00e2ng Cao Nh\u1eadn Th\u1ee9c V\u1ec1 C\u00f4ng Ngh\u1ec7 Ti\u00ean Ti\u1ebfn\t\t\t\t\t<\/h3>\n\t\t\t\t\t<p class=\"c-item__txt\">\n\t\t\t\t\t\tTrong k\u1ef7 nguy\u00ean s\u1ed1 h\u00f3a hi\u1ec7n nay, vi\u1ec7c hi\u1ec3u bi\u1ebft v\u00e0 \u1ee9ng d\u1ee5ng c\u00f4ng ngh\u1ec7 ti\u00ean ti\u1ebfn kh\u00f4ng c\u00f2n l\u00e0 m\u1ed9t l\u1ee3i th\u1ebf m\u00e0 \u0111\u00e3 tr\u1edf th\u00e0nh \u0111i\u1ec1u ki\u1ec7n ti\u00ean quy\u1ebft \u0111\u1ec3 th\u00e0nh c\u00f4ng. JDO t\u1ef1 h\u00e0o \u0111\u00f3ng vai tr\u00f2 c\u1ea7u n\u1ed1i, gi\u00fap c\u00e1c c\u00e1 nh\u00e2n v\u00e0 doanh nghi\u1ec7p ti\u1ebfp c\u1eadn c\u00f4ng ngh\u1ec7 m\u1ed9t c\u00e1ch d\u1ec5 d\u00e0ng v\u00e0 hi\u1ec7u qu\u1ea3, t\u1eeb \u0111\u00f3 ph\u00e1t tri\u1ec3n v\u01b0\u1ee3t b\u1eadc trong m\u1ecdi l\u0129nh v\u1ef1c.\t\t\t\t\t<\/p>\n\t\t\t\t<\/div>\n\t\t\t<\/a>\n\t\t<\/div>\n\t\t\t\t<div class=\"c-item borderBg\">\n\t\t\t<a class=\"c-item__main borderBg-main\" href=\"https:\/\/jdo.vn\/vi\/cau-chuyen\/dich-vu-ux-ui-cua-jdo-dinh-hinh-tuong-lai-trai-nghiem-khach-hang\/\" rel=\"bookmark\">\n\t\t\t\t<p class=\"c-item__date\">29\/11\/2024<\/p>\n\t\t\t\t<figure class=\"c-item__image\">\n\t\t\t\t\t<img decoding=\"async\" src=\"https:\/\/jdo.vn\/wp-content\/uploads\/2024\/11\/JDO-TEMPLATE-UX-UI-TA.png\"\n\t\t\t\t\t\t alt=\"Image\"\/>\n\t\t\t\t<\/figure>\n\t\t\t\t<div class=\"c-item__content\">\n\t\t\t\t\t<h3 class=\"c-item__ttl\">\n\t\t\t\t\t\tD\u1ecbch V\u1ee5 UX\/UI C\u1ee7a JDO: \u0110\u1ecbnh H\u00ecnh T\u01b0\u01a1ng Lai Tr\u1ea3i Nghi\u1ec7m Kh\u00e1ch H\u00e0ng\t\t\t\t\t<\/h3>\n\t\t\t\t\t<p class=\"c-item__txt\">\n\t\t\t\t\t\t1. Vai Tr\u00f2 C\u1ee7a UX\/UI Trong Th\u1eddi \u0110\u1ea1i C\u00f4ng Ngh\u1ec7 S\u1ed1\t\t\t\t\t<\/p>\n\t\t\t\t<\/div>\n\t\t\t<\/a>\n\t\t<\/div>\n\t\t\t\t<div class=\"c-item borderBg\">\n\t\t\t<a class=\"c-item__main borderBg-main\" href=\"https:\/\/jdo.vn\/vi\/cau-chuyen\/hanh-trinh-jdo-thanh-lap-su-menh-va-tam-nhin\/\" rel=\"bookmark\">\n\t\t\t\t<p class=\"c-item__date\">29\/11\/2024<\/p>\n\t\t\t\t<figure class=\"c-item__image\">\n\t\t\t\t\t<img decoding=\"async\" src=\"https:\/\/jdo.vn\/wp-content\/uploads\/2024\/11\/JDO-THANH-LAP.png\"\n\t\t\t\t\t\t alt=\"Image\"\/>\n\t\t\t\t<\/figure>\n\t\t\t\t<div class=\"c-item__content\">\n\t\t\t\t\t<h3 class=\"c-item__ttl\">\n\t\t\t\t\t\tH\u00e0nh Tr\u00ecnh JDO Th\u00e0nh L\u1eadp: S\u1ee9 M\u1ec7nh v\u00e0 T\u1ea7m Nh\u00ecn\t\t\t\t\t<\/h3>\n\t\t\t\t\t<p class=\"c-item__txt\">\n\t\t\t\t\t\tT\u1ea7m Nh\u00ecn: Ch\u1ea1m v\u00e0o cu\u1ed9c s\u1ed1ng, t\u1eebng m\u1ea3nh gh\u00e9p m\u1ed9t: JDO Mang \u0110\u1ebfn Gi\u00e1 Tr\u1ecb T\u1ed1i \u01afu v\u00e0 Mi\u1ec5n Ph\u00ed ch\u1ec9 v\u1edbi M\u1ed9t Ch\u1ea1m.\t\t\t\t\t<\/p>\n\t\t\t\t<\/div>\n\t\t\t<\/a>\n\t\t<\/div>\n\t\t\t\t<div class=\"c-item borderBg\">\n\t\t\t<a class=\"c-item__main borderBg-main\" href=\"https:\/\/jdo.vn\/vi\/cau-chuyen\/hanh-trinh-jdo-thanh-lap\/\" rel=\"bookmark\">\n\t\t\t\t<p class=\"c-item__date\">17\/11\/2024<\/p>\n\t\t\t\t<figure class=\"c-item__image\">\n\t\t\t\t\t<img decoding=\"async\" src=\"https:\/\/jdo.vn\/wp-content\/uploads\/2024\/10\/Frame-1686553873.png\"\n\t\t\t\t\t\t alt=\"Image\"\/>\n\t\t\t\t<\/figure>\n\t\t\t\t<div class=\"c-item__content\">\n\t\t\t\t\t<h3 class=\"c-item__ttl\">\n\t\t\t\t\t\tH\u00e0nh tr\u00ecnh JDO th\u00e0nh l\u1eadp\t\t\t\t\t<\/h3>\n\t\t\t\t\t<p class=\"c-item__txt\">\n\t\t\t\t\t\tJDO \u0111\u01b0\u1ee3c th\u00e0nh l\u1eadp v\u1edbi s\u1ee9 m\u1ec7nh t\u1ea1o ra s\u1ef1 kh\u00e1c bi\u1ec7t trong l\u0129nh v\u1ef1c c\u00f4ng ngh\u1ec7 ti\u00ean phong v\u1edbi gi\u1ea3i ph\u00e1p XANH b\u1ec1n v\u1eefng.\t\t\t\t\t<\/p>\n\t\t\t\t<\/div>\n\t\t\t<\/a>\n\t\t<\/div>\n\t\t\t\t<div class=\"c-item borderBg\">\n\t\t\t<a class=\"c-item__main borderBg-main\" href=\"https:\/\/jdo.vn\/vi\/cau-chuyen\/edpay\/\" rel=\"bookmark\">\n\t\t\t\t<p class=\"c-item__date\">06\/03\/2026<\/p>\n\t\t\t\t<figure class=\"c-item__image\">\n\t\t\t\t\t<img decoding=\"async\" src=\"https:\/\/jdo.vn\/wp-content\/uploads\/2026\/03\/EdPay-Logo-web.png\"\n\t\t\t\t\t\t alt=\"Image\"\/>\n\t\t\t\t<\/figure>\n\t\t\t\t<div class=\"c-item__content\">\n\t\t\t\t\t<h3 class=\"c-item__ttl\">\n\t\t\t\t\t\tEdPay \u2013 H\u1ec7 Th\u1ed1ng H\u1ed7 Tr\u1ee3 K\u1ebft N\u1ed1i C\u00e1c Gi\u1ea3i Ph\u00e1p V\u00e0 Thanh To\u00e1n Cho Gi\u00e1o D\u1ee5c\t\t\t\t\t<\/h3>\n\t\t\t\t\t<p class=\"c-item__txt\">\n\t\t\t\t\t\tEdPay l\u00e0 g\u00ec?\t\t\t\t\t<\/p>\n\t\t\t\t<\/div>\n\t\t\t<\/a>\n\t\t<\/div>\n\t\t\t\t<div class=\"c-item borderBg\">\n\t\t\t<a class=\"c-item__main borderBg-main\" href=\"https:\/\/jdo.vn\/vi\/cau-chuyen\/dich-vu-ux-ui\/\" rel=\"bookmark\">\n\t\t\t\t<p class=\"c-item__date\">17\/11\/2024<\/p>\n\t\t\t\t<figure class=\"c-item__image\">\n\t\t\t\t\t<img decoding=\"async\" src=\"https:\/\/jdo.vn\/wp-content\/uploads\/2024\/11\/JDO-6-9-1.jpg\"\n\t\t\t\t\t\t alt=\"Image\"\/>\n\t\t\t\t<\/figure>\n\t\t\t\t<div class=\"c-item__content\">\n\t\t\t\t\t<h3 class=\"c-item__ttl\">\n\t\t\t\t\t\tD\u1ecbch v\u1ee5 UX\/UI\t\t\t\t\t<\/h3>\n\t\t\t\t\t<p class=\"c-item__txt\">\n\t\t\t\t\t\tD\u1ecbch v\u1ee5 UX\/UI c\u1ee7a JDO \u0111\u01b0\u1ee3c thi\u1ebft k\u1ebf nh\u1eb1m mang l\u1ea1i tr\u1ea3i nghi\u1ec7m ng\u01b0\u1eddi d\u00f9ng t\u1ed1i \u01b0u v\u00e0 giao di\u1ec7n \u0111\u1eb9p m\u1eaft, d\u1ec5 s\u1eed d\u1ee5ng cho c\u00e1c s\u1ea3n ph\u1ea9m theo nhu c\u1ea7u c\u1ee7a kh\u00e1ch h\u00e0ng\t\t\t\t\t<\/p>\n\t\t\t\t<\/div>\n\t\t\t<\/a>\n\t\t<\/div>\n\t\t\t\t<div class=\"c-item borderBg\">\n\t\t\t<a class=\"c-item__main borderBg-main\" href=\"https:\/\/jdo.vn\/vi\/cau-chuyen\/cac-san-pham-mang-tinh-dot-pha-2\/\" rel=\"bookmark\">\n\t\t\t\t<p class=\"c-item__date\">22\/02\/2025<\/p>\n\t\t\t\t<figure class=\"c-item__image\">\n\t\t\t\t\t<img decoding=\"async\" src=\"https:\/\/jdo.vn\/wp-content\/uploads\/2025\/02\/nhan_dien_khuon_mat_1568970929.jpeg\"\n\t\t\t\t\t\t alt=\"Image\"\/>\n\t\t\t\t<\/figure>\n\t\t\t\t<div class=\"c-item__content\">\n\t\t\t\t\t<h3 class=\"c-item__ttl\">\n\t\t\t\t\t\tC\u00e1c S\u1ea3n ph\u1ea9m mang t\u00ednh \u0111\u1ed9t ph\u00e1\t\t\t\t\t<\/h3>\n\t\t\t\t\t<p class=\"c-item__txt\">\n\t\t\t\t\t\tTrong th\u1eddi \u0111\u1ea1i chuy\u1ec3n \u0111\u1ed5i s\u1ed1, c\u00f4ng ngh\u1ec7 kh\u00f4ng ng\u1eebng ph\u00e1t tri\u1ec3n v\u1edbi t\u1ed1c \u0111\u1ed9 ch\u00f3ng m\u1eb7t, thay \u0111\u1ed5i c\u00e1ch ch\u00fang ta l\u00e0m vi\u1ec7c, giao ti\u1ebfp v\u00e0 v\u1eadn h\u00e0nh doanh nghi\u1ec7p.\t\t\t\t\t<\/p>\n\t\t\t\t<\/div>\n\t\t\t<\/a>\n\t\t<\/div>\n\t\t\t\t<div class=\"c-item borderBg\">\n\t\t\t<a class=\"c-item__main borderBg-main\" href=\"https:\/\/jdo.vn\/vi\/cau-chuyen\/hanh-trinh-xay-dung-cua-chung-toi\/\" rel=\"bookmark\">\n\t\t\t\t<p class=\"c-item__date\">17\/11\/2024<\/p>\n\t\t\t\t<figure class=\"c-item__image\">\n\t\t\t\t\t<img decoding=\"async\" src=\"https:\/\/jdo.vn\/wp-content\/uploads\/2024\/10\/Frame-1686553873.png\"\n\t\t\t\t\t\t alt=\"Image\"\/>\n\t\t\t\t<\/figure>\n\t\t\t\t<div class=\"c-item__content\">\n\t\t\t\t\t<h3 class=\"c-item__ttl\">\n\t\t\t\t\t\tH\u00e0nh tr\u00ecnh x\u00e2y d\u1ef1ng c\u1ee7a ch\u00fang t\u00f4i\t\t\t\t\t<\/h3>\n\t\t\t\t\t<p class=\"c-item__txt\">\n\t\t\t\t\t\t\t\t\t\t\t<\/p>\n\t\t\t\t<\/div>\n\t\t\t<\/a>\n\t\t<\/div>\n\t\t\t\t<div class=\"c-item borderBg\">\n\t\t\t<a class=\"c-item__main borderBg-main\" href=\"https:\/\/jdo.vn\/vi\/cau-chuyen\/aiot-de-dang-voi-jdo\/\" rel=\"bookmark\">\n\t\t\t\t<p class=\"c-item__date\">17\/11\/2024<\/p>\n\t\t\t\t<figure class=\"c-item__image\">\n\t\t\t\t\t<img decoding=\"async\" src=\"https:\/\/jdo.vn\/wp-content\/uploads\/2024\/11\/iot-1.jpg\"\n\t\t\t\t\t\t alt=\"Image\"\/>\n\t\t\t\t<\/figure>\n\t\t\t\t<div class=\"c-item__content\">\n\t\t\t\t\t<h3 class=\"c-item__ttl\">\n\t\t\t\t\t\tAIoT d\u1ec5 d\u00e0ng v\u1edbi JDO\t\t\t\t\t<\/h3>\n\t\t\t\t\t<p class=\"c-item__txt\">\n\t\t\t\t\t\tJDO mang \u0111\u1ebfn c\u00e1c gi\u1ea3i ph\u00e1p AIoT (Tr\u00ed tu\u1ec7 nh\u00e2n t\u1ea1o t\u00edch h\u1ee3p V\u1ea1n v\u1eadt k\u1ebft n\u1ed1i) to\u00e0n di\u1ec7n, gi\u00fap doanh nghi\u1ec7p d\u1ec5 d\u00e0ng khai th\u00e1c s\u1ee9c m\u1ea1nh c\u1ee7a c\u00f4ng ngh\u1ec7 ti\u00ean ti\u1ebfn \u0111\u1ec3 n\u00e2ng cao hi\u1ec7u su\u1ea5t v\u00e0 t\u1ed1i \u01b0u h\u00f3a quy tr\u00ecnh\t\t\t\t\t<\/p>\n\t\t\t\t<\/div>\n\t\t\t<\/a>\n\t\t<\/div>\n\t\t\t<\/div>\n<\/div>\n\n<\/div>\n\t\t\t\t<\/div>\n\t\t\t\t<\/div>\n\t\t\t\t\t<\/div>\n\t\t\t\t<\/div>\n\t\t\t\t\t\t\t<\/div>\n\t\t","protected":false},"excerpt":{"rendered":"C\u00e2u chuy\u1ec7n Ch\u00fang t\u00f4i \u0111\u0103ng g\u00ec?Ch\u00fang t\u00f4i \u0111\u0103ng g\u00ec?","protected":false},"author":2,"featured_media":0,"parent":0,"menu_order":0,"comment_status":"closed","ping_status":"closed","template":"elementor_header_footer","meta":{"footnotes":""},"class_list":["post-10499","page","type-page","status-publish","hentry"],"acf":[],"_links":{"self":[{"href":"https:\/\/jdo.vn\/vi\/wp-json\/wp\/v2\/pages\/10499","targetHints":{"allow":["GET"]}}],"collection":[{"href":"https:\/\/jdo.vn\/vi\/wp-json\/wp\/v2\/pages"}],"about":[{"href":"https:\/\/jdo.vn\/vi\/wp-json\/wp\/v2\/types\/page"}],"author":[{"embeddable":true,"href":"https:\/\/jdo.vn\/vi\/wp-json\/wp\/v2\/users\/2"}],"replies":[{"embeddable":true,"href":"https:\/\/jdo.vn\/vi\/wp-json\/wp\/v2\/comments?post=10499"}],"version-history":[{"count":11,"href":"https:\/\/jdo.vn\/vi\/wp-json\/wp\/v2\/pages\/10499\/revisions"}],"predecessor-version":[{"id":11254,"href":"https:\/\/jdo.vn\/vi\/wp-json\/wp\/v2\/pages\/10499\/revisions\/11254"}],"wp:attachment":[{"href":"https:\/\/jdo.vn\/vi\/wp-json\/wp\/v2\/media?parent=10499"}],"curies":[{"name":"wp","href":"https:\/\/api.w.org\/{rel}","templated":true}]}}