{"id":11307,"date":"2024-12-16T17:08:50","date_gmt":"2024-12-16T17:08:50","guid":{"rendered":"https:\/\/jdo.vn\/?page_id=11307"},"modified":"2024-12-30T14:31:23","modified_gmt":"2024-12-30T14:31:23","slug":"news","status":"publish","type":"page","link":"https:\/\/jdo.vn\/vi\/news\/","title":{"rendered":"News"},"content":{"rendered":"\t\t<div data-elementor-type=\"wp-page\" data-elementor-id=\"11307\" class=\"elementor elementor-11307\">\n\t\t\t\t\t\t\t<div class=\"elementor-element elementor-element-a8f1075 e-flex e-con-boxed e-con e-parent\" data-id=\"a8f1075\" data-element_type=\"container\" data-settings=\"{&quot;background_background&quot;:&quot;classic&quot;,&quot;content_width&quot;:&quot;boxed&quot;}\" data-core-v316-plus=\"true\">\n\t\t\t\t\t<div class=\"e-con-inner\">\n\t\t\t\t<div class=\"elementor-element elementor-element-2e103f7 elementor-widget-mobile__width-inherit elementor-widget elementor-widget-html\" data-id=\"2e103f7\" data-element_type=\"widget\" data-widget_type=\"html.default\">\n\t\t\t\t<div class=\"elementor-widget-container\">\n\t\t\t<h2 class=\"sec-ttl\">\r\n    <span class=\"sec-ttl__text sec-ttl__white\">News<\/span><br>\r\n    <span class=\"sec-ttl__text sec-ttl__green\">Ch\u00fang t\u00f4i chia s\u1ebb g\u00ec?<span class=\" sec-ttl__shadow\">Ch\u00fang t\u00f4i chia s\u1ebb g\u00ec?<\/span><\/span>\r\n<\/h2>\t\t<\/div>\n\t\t\t\t<\/div>\n\t\t\t\t<div class=\"elementor-element elementor-element-7b4f581 elementor-widget-mobile__width-inherit elementor-widget elementor-widget-shortcode\" data-id=\"7b4f581\" data-element_type=\"widget\" data-widget_type=\"shortcode.default\">\n\t\t\t\t<div class=\"elementor-widget-container\">\n\t\t\t\t\t<div class=\"elementor-shortcode\">\n<div class=\"secArchiveBlog\">\n<!-- \t<p>Please specify a parent category slug.<\/p> -->\n\t<div class=\"secArchiveBlog-tabs\"><div class=\"secArchiveBlog-bars\"><div class=\"secArchiveBlog-bars__main\"><div class=\"secArchiveBlog-bars__item is-active\" data-tab=\"tab-all\"><p class=\"text\">T\u1ea5t c\u1ea3<\/p><\/div><div class=\"secArchiveBlog-bars__item\" data-tab=\"tab-89\"><p class=\"text\">B\u1ea3n tin<\/p><\/div><div class=\"secArchiveBlog-bars__item\" data-tab=\"tab-86\"><p class=\"text\">Tuy\u1ec3n d\u1ee5ng<\/p><\/div><\/div><\/div><div class=\"secArchiveBlog-tabs__content is-active\" id=\"tab-all\"><div class=\"c-listPost\">            <div class=\"c-item blogBorderBg\" id=\"post-11543\">\n                <a class=\"c-item__main blogBorderBg-main\" href=\"https:\/\/jdo.vn\/vi\/bang-tin-tuyen-dung-thang-03-tai-jdo-group-vi-tri-intern-aidata\/\" rel=\"bookmark\">\n                    <figure class=\"c-item__image\">\n                        <img decoding=\"async\" src=\"https:\/\/jdo.vn\/wp-content\/uploads\/2025\/02\/TUYEN-DUNG-AI.png\" alt=\"[B\u1ea2NG TIN TUY\u1ec2N D\u1ee4NG TH\u00c1NG 03 T\u1ea0I JDO GROUP] \u2013 V\u1eca TR\u00cd INTERN AI&amp;DATA\">                    <\/figure>\n                    <div class=\"c-item__content\">\n                        <p class=\"c-item__date\">27\/02\/2025<\/p>\n                        <h3 class=\"c-item__ttl\">[B\u1ea2NG TIN TUY\u1ec2N D\u1ee4NG TH\u00c1NG 03 T\u1ea0I JDO GROUP] \u2013 V\u1eca TR\u00cd INTERN AI&amp;DATA<\/h3>\n                    <\/div>\n                <\/a>\n            <\/div>\n                        <div class=\"c-item blogBorderBg\" id=\"post-11536\">\n                <a class=\"c-item__main blogBorderBg-main\" href=\"https:\/\/jdo.vn\/vi\/bang-tin-tuyen-dung-thang-03-tai-jdo-group-vi-tri-fresher-frontend-developer\/\" rel=\"bookmark\">\n                    <figure class=\"c-item__image\">\n                        <img decoding=\"async\" src=\"https:\/\/jdo.vn\/wp-content\/uploads\/2025\/02\/Fresher-FE-DEV.png\" alt=\"[B\u1ea2NG TIN TUY\u1ec2N D\u1ee4NG TH\u00c1NG 03 T\u1ea0I JDO GROUP] \u2013 V\u1eca TR\u00cd FRESHER FRONTEND DEVELOPER\">                    <\/figure>\n                    <div class=\"c-item__content\">\n                        <p class=\"c-item__date\">27\/02\/2025<\/p>\n                        <h3 class=\"c-item__ttl\">[B\u1ea2NG TIN TUY\u1ec2N D\u1ee4NG TH\u00c1NG 03 T\u1ea0I JDO GROUP] \u2013 V\u1eca TR\u00cd FRESHER FRONTEND DEVELOPER<\/h3>\n                    <\/div>\n                <\/a>\n            <\/div>\n                        <div class=\"c-item blogBorderBg\" id=\"post-11528\">\n                <a class=\"c-item__main blogBorderBg-main\" href=\"https:\/\/jdo.vn\/vi\/bang-tin-tuyen-dung-thang-03-tai-jdo-group-vi-tri-fresher-backend-developer\/\" rel=\"bookmark\">\n                    <figure class=\"c-item__image\">\n                        <img decoding=\"async\" src=\"https:\/\/jdo.vn\/wp-content\/uploads\/2025\/02\/Fresher-BE-DEV.png\" alt=\"[B\u1ea2NG TIN TUY\u1ec2N D\u1ee4NG TH\u00c1NG 03 T\u1ea0I JDO GROUP] &#8211; V\u1eca TR\u00cd FRESHER BACKEND DEVELOPER\">                    <\/figure>\n                    <div class=\"c-item__content\">\n                        <p class=\"c-item__date\">27\/02\/2025<\/p>\n                        <h3 class=\"c-item__ttl\">[B\u1ea2NG TIN TUY\u1ec2N D\u1ee4NG TH\u00c1NG 03 T\u1ea0I JDO GROUP] &#8211; V\u1eca TR\u00cd FRESHER BACKEND DEVELOPER<\/h3>\n                    <\/div>\n                <\/a>\n            <\/div>\n                        <div class=\"c-item blogBorderBg\" id=\"post-11514\">\n                <a class=\"c-item__main blogBorderBg-main\" href=\"https:\/\/jdo.vn\/vi\/bang-tin-tuyen-dung-thang-02-tai-jdo-group-vi-tri-fresher-business-analyst\/\" rel=\"bookmark\">\n                    <figure class=\"c-item__image\">\n                        <img decoding=\"async\" src=\"https:\/\/jdo.vn\/wp-content\/uploads\/2025\/02\/TUYEN-DUNG-BA.png\" alt=\"[B\u1ea2NG TIN TUY\u1ec2N D\u1ee4NG TH\u00c1NG 03 T\u1ea0I JDO GROUP] &#8211; V\u1eca TR\u00cd BUSINESS ANALYST\">                    <\/figure>\n                    <div class=\"c-item__content\">\n                        <p class=\"c-item__date\">27\/02\/2025<\/p>\n                        <h3 class=\"c-item__ttl\">[B\u1ea2NG TIN TUY\u1ec2N D\u1ee4NG TH\u00c1NG 03 T\u1ea0I JDO GROUP] &#8211; V\u1eca TR\u00cd BUSINESS ANALYST<\/h3>\n                    <\/div>\n                <\/a>\n            <\/div>\n                        <div class=\"c-item blogBorderBg\" id=\"post-11485\">\n                <a class=\"c-item__main blogBorderBg-main\" href=\"https:\/\/jdo.vn\/vi\/bang-tin-tuyen-dung-thang-02-tai-jdo-group-vi-tri-sales-business-development\/\" rel=\"bookmark\">\n                    <figure class=\"c-item__image\">\n                        <img decoding=\"async\" src=\"https:\/\/jdo.vn\/wp-content\/uploads\/2025\/02\/SALES-BD.png\" alt=\"[B\u1ea2NG TIN TUY\u1ec2N D\u1ee4NG TH\u00c1NG 02 T\u1ea0I JDO GROUP] &#8211; V\u1eca TR\u00cd SALES &amp; BUSINESS DEVELOPMENT\">                    <\/figure>\n                    <div class=\"c-item__content\">\n                        <p class=\"c-item__date\">22\/02\/2025<\/p>\n                        <h3 class=\"c-item__ttl\">[B\u1ea2NG TIN TUY\u1ec2N D\u1ee4NG TH\u00c1NG 02 T\u1ea0I JDO GROUP] &#8211; V\u1eca TR\u00cd SALES &amp; BUSINESS DEVELOPMENT<\/h3>\n                    <\/div>\n                <\/a>\n            <\/div>\n                        <div class=\"c-item blogBorderBg\" id=\"post-11384\">\n                <a class=\"c-item__main blogBorderBg-main\" href=\"https:\/\/jdo.vn\/vi\/nhung-diem-nhan-cong-nghe-ai-2024-cuoc-cach-mang-tri-tue-nhan-tao\/\" rel=\"bookmark\">\n                    <figure class=\"c-item__image\">\n                        <img decoding=\"async\" src=\"https:\/\/jdo.vn\/wp-content\/uploads\/2024\/12\/JDO-TEMPLATE-6.png\" alt=\"Nh\u1eefng \u0110i\u1ec3m Nh\u1ea5n C\u00f4ng Ngh\u1ec7 AI 2024: Cu\u1ed9c C\u00e1ch M\u1ea1ng Tr\u00ed Tu\u1ec7 Nh\u00e2n T\u1ea1o\">                    <\/figure>\n                    <div class=\"c-item__content\">\n                        <p class=\"c-item__date\">25\/12\/2024<\/p>\n                        <h3 class=\"c-item__ttl\">Nh\u1eefng \u0110i\u1ec3m Nh\u1ea5n C\u00f4ng Ngh\u1ec7 AI 2024: Cu\u1ed9c C\u00e1ch M\u1ea1ng Tr\u00ed Tu\u1ec7 Nh\u00e2n T\u1ea1o<\/h3>\n                    <\/div>\n                <\/a>\n            <\/div>\n                        <div class=\"c-item blogBorderBg\" id=\"post-11358\">\n                <a class=\"c-item__main blogBorderBg-main\" href=\"https:\/\/jdo.vn\/vi\/nvidia-mang-hang-nghin-sieu-chip-gpu-tien-tien-den-viet-nam-buoc-tien-moi-trong-linh-vuc-ai\/\" rel=\"bookmark\">\n                    <figure class=\"c-item__image\">\n                        <img decoding=\"async\" src=\"https:\/\/jdo.vn\/wp-content\/uploads\/2024\/12\/NVIDIA.png\" alt=\"NVIDIA Mang H\u00e0ng Ngh\u00ecn Si\u00eau Chip GPU Ti\u00ean Ti\u1ebfn \u0110\u1ebfn Vi\u1ec7t Nam: B\u01b0\u1edbc Ti\u1ebfn M\u1edbi Trong L\u0129nh V\u1ef1c AI\">                    <\/figure>\n                    <div class=\"c-item__content\">\n                        <p class=\"c-item__date\">25\/12\/2024<\/p>\n                        <h3 class=\"c-item__ttl\">NVIDIA Mang H\u00e0ng Ngh\u00ecn Si\u00eau Chip GPU Ti\u00ean Ti\u1ebfn \u0110\u1ebfn Vi\u1ec7t Nam: B\u01b0\u1edbc Ti\u1ebfn M\u1edbi Trong L\u0129nh V\u1ef1c AI<\/h3>\n                    <\/div>\n                <\/a>\n            <\/div>\n                        <div class=\"c-item blogBorderBg\" id=\"post-11346\">\n                <a class=\"c-item__main blogBorderBg-main\" href=\"https:\/\/jdo.vn\/vi\/google-ra-mat-chip-luong-tu-willow-dot-pha-cong-nghe-voi-toc-do-khong-tuong\/\" rel=\"bookmark\">\n                    <figure class=\"c-item__image\">\n                        <img decoding=\"async\" src=\"https:\/\/jdo.vn\/wp-content\/uploads\/2024\/12\/JDO-TEMPLATE.jpg\" alt=\"Google Ra M\u1eaft Chip L\u01b0\u1ee3ng T\u1eed Willow: \u0110\u1ed9t Ph\u00e1 C\u00f4ng Ngh\u1ec7 V\u1edbi T\u1ed1c \u0110\u1ed9 &#8220;Kh\u00f4ng T\u01b0\u1edfng&#8221;\">                    <\/figure>\n                    <div class=\"c-item__content\">\n                        <p class=\"c-item__date\">25\/12\/2024<\/p>\n                        <h3 class=\"c-item__ttl\">Google Ra M\u1eaft Chip L\u01b0\u1ee3ng T\u1eed Willow: \u0110\u1ed9t Ph\u00e1 C\u00f4ng Ngh\u1ec7 V\u1edbi T\u1ed1c \u0110\u1ed9 &#8220;Kh\u00f4ng T\u01b0\u1edfng&#8221;<\/h3>\n                    <\/div>\n                <\/a>\n            <\/div>\n            <\/div><\/div><div class=\"secArchiveBlog-tabs__content\" id=\"tab-89\"><div class=\"c-childCategory\"><div class=\"c-childTitle\"><h3>B\u1ea3n tin<\/h3><\/div><div class=\"c-listPost\" data-category=\"89\">                    <div class=\"c-item blogBorderBg\" id=\"post-11384\">\n                        <a class=\"c-item__main blogBorderBg-main\" href=\"https:\/\/jdo.vn\/vi\/nhung-diem-nhan-cong-nghe-ai-2024-cuoc-cach-mang-tri-tue-nhan-tao\/\" rel=\"bookmark\">\n                            <figure class=\"c-item__image\">\n                                <img decoding=\"async\" src=\"https:\/\/jdo.vn\/wp-content\/uploads\/2024\/12\/JDO-TEMPLATE-6.png\" alt=\"Nh\u1eefng \u0110i\u1ec3m Nh\u1ea5n C\u00f4ng Ngh\u1ec7 AI 2024: Cu\u1ed9c C\u00e1ch M\u1ea1ng Tr\u00ed Tu\u1ec7 Nh\u00e2n T\u1ea1o\">                            <\/figure>\n                            <div class=\"c-item__content\">\n                                <p class=\"c-item__date\">25\/12\/2024<\/p>\n                                <h3 class=\"c-item__ttl\">Nh\u1eefng \u0110i\u1ec3m Nh\u1ea5n C\u00f4ng Ngh\u1ec7 AI 2024: Cu\u1ed9c C\u00e1ch M\u1ea1ng Tr\u00ed Tu\u1ec7 Nh\u00e2n T\u1ea1o<\/h3>\n                            <\/div>\n                        <\/a>\n                    <\/div>\n                                        <div class=\"c-item blogBorderBg\" id=\"post-11358\">\n                        <a class=\"c-item__main blogBorderBg-main\" href=\"https:\/\/jdo.vn\/vi\/nvidia-mang-hang-nghin-sieu-chip-gpu-tien-tien-den-viet-nam-buoc-tien-moi-trong-linh-vuc-ai\/\" rel=\"bookmark\">\n                            <figure class=\"c-item__image\">\n                                <img decoding=\"async\" src=\"https:\/\/jdo.vn\/wp-content\/uploads\/2024\/12\/NVIDIA.png\" alt=\"NVIDIA Mang H\u00e0ng Ngh\u00ecn Si\u00eau Chip GPU Ti\u00ean Ti\u1ebfn \u0110\u1ebfn Vi\u1ec7t Nam: B\u01b0\u1edbc Ti\u1ebfn M\u1edbi Trong L\u0129nh V\u1ef1c AI\">                            <\/figure>\n                            <div class=\"c-item__content\">\n                                <p class=\"c-item__date\">25\/12\/2024<\/p>\n                                <h3 class=\"c-item__ttl\">NVIDIA Mang H\u00e0ng Ngh\u00ecn Si\u00eau Chip GPU Ti\u00ean Ti\u1ebfn \u0110\u1ebfn Vi\u1ec7t Nam: B\u01b0\u1edbc Ti\u1ebfn M\u1edbi Trong L\u0129nh V\u1ef1c AI<\/h3>\n                            <\/div>\n                        <\/a>\n                    <\/div>\n                                        <div class=\"c-item blogBorderBg\" id=\"post-11346\">\n                        <a class=\"c-item__main blogBorderBg-main\" href=\"https:\/\/jdo.vn\/vi\/google-ra-mat-chip-luong-tu-willow-dot-pha-cong-nghe-voi-toc-do-khong-tuong\/\" rel=\"bookmark\">\n                            <figure class=\"c-item__image\">\n                                <img decoding=\"async\" src=\"https:\/\/jdo.vn\/wp-content\/uploads\/2024\/12\/JDO-TEMPLATE.jpg\" alt=\"Google Ra M\u1eaft Chip L\u01b0\u1ee3ng T\u1eed Willow: \u0110\u1ed9t Ph\u00e1 C\u00f4ng Ngh\u1ec7 V\u1edbi T\u1ed1c \u0110\u1ed9 &#8220;Kh\u00f4ng T\u01b0\u1edfng&#8221;\">                            <\/figure>\n                            <div class=\"c-item__content\">\n                                <p class=\"c-item__date\">25\/12\/2024<\/p>\n                                <h3 class=\"c-item__ttl\">Google Ra M\u1eaft Chip L\u01b0\u1ee3ng T\u1eed Willow: \u0110\u1ed9t Ph\u00e1 C\u00f4ng Ngh\u1ec7 V\u1edbi T\u1ed1c \u0110\u1ed9 &#8220;Kh\u00f4ng T\u01b0\u1edfng&#8221;<\/h3>\n                            <\/div>\n                        <\/a>\n                    <\/div>\n                    <\/div><\/div><\/div><div class=\"secArchiveBlog-tabs__content\" id=\"tab-86\"><div class=\"c-childCategory\"><div class=\"c-childTitle\"><h3>Tuy\u1ec3n d\u1ee5ng<\/h3><\/div><div class=\"c-listPost\" data-category=\"86\">                    <div class=\"c-item blogBorderBg\" id=\"post-11543\">\n                        <a class=\"c-item__main blogBorderBg-main\" href=\"https:\/\/jdo.vn\/vi\/bang-tin-tuyen-dung-thang-03-tai-jdo-group-vi-tri-intern-aidata\/\" rel=\"bookmark\">\n                            <figure class=\"c-item__image\">\n                                <img decoding=\"async\" src=\"https:\/\/jdo.vn\/wp-content\/uploads\/2025\/02\/TUYEN-DUNG-AI.png\" alt=\"[B\u1ea2NG TIN TUY\u1ec2N D\u1ee4NG TH\u00c1NG 03 T\u1ea0I JDO GROUP] \u2013 V\u1eca TR\u00cd INTERN AI&amp;DATA\">                            <\/figure>\n                            <div class=\"c-item__content\">\n                                <p class=\"c-item__date\">27\/02\/2025<\/p>\n                                <h3 class=\"c-item__ttl\">[B\u1ea2NG TIN TUY\u1ec2N D\u1ee4NG TH\u00c1NG 03 T\u1ea0I JDO GROUP] \u2013 V\u1eca TR\u00cd INTERN AI&amp;DATA<\/h3>\n                            <\/div>\n                        <\/a>\n                    <\/div>\n                                        <div class=\"c-item blogBorderBg\" id=\"post-11536\">\n                        <a class=\"c-item__main blogBorderBg-main\" href=\"https:\/\/jdo.vn\/vi\/bang-tin-tuyen-dung-thang-03-tai-jdo-group-vi-tri-fresher-frontend-developer\/\" rel=\"bookmark\">\n                            <figure class=\"c-item__image\">\n                                <img decoding=\"async\" src=\"https:\/\/jdo.vn\/wp-content\/uploads\/2025\/02\/Fresher-FE-DEV.png\" alt=\"[B\u1ea2NG TIN TUY\u1ec2N D\u1ee4NG TH\u00c1NG 03 T\u1ea0I JDO GROUP] \u2013 V\u1eca TR\u00cd FRESHER FRONTEND DEVELOPER\">                            <\/figure>\n                            <div class=\"c-item__content\">\n                                <p class=\"c-item__date\">27\/02\/2025<\/p>\n                                <h3 class=\"c-item__ttl\">[B\u1ea2NG TIN TUY\u1ec2N D\u1ee4NG TH\u00c1NG 03 T\u1ea0I JDO GROUP] \u2013 V\u1eca TR\u00cd FRESHER FRONTEND DEVELOPER<\/h3>\n                            <\/div>\n                        <\/a>\n                    <\/div>\n                                        <div class=\"c-item blogBorderBg\" id=\"post-11528\">\n                        <a class=\"c-item__main blogBorderBg-main\" href=\"https:\/\/jdo.vn\/vi\/bang-tin-tuyen-dung-thang-03-tai-jdo-group-vi-tri-fresher-backend-developer\/\" rel=\"bookmark\">\n                            <figure class=\"c-item__image\">\n                                <img decoding=\"async\" src=\"https:\/\/jdo.vn\/wp-content\/uploads\/2025\/02\/Fresher-BE-DEV.png\" alt=\"[B\u1ea2NG TIN TUY\u1ec2N D\u1ee4NG TH\u00c1NG 03 T\u1ea0I JDO GROUP] &#8211; V\u1eca TR\u00cd FRESHER BACKEND DEVELOPER\">                            <\/figure>\n                            <div class=\"c-item__content\">\n                                <p class=\"c-item__date\">27\/02\/2025<\/p>\n                                <h3 class=\"c-item__ttl\">[B\u1ea2NG TIN TUY\u1ec2N D\u1ee4NG TH\u00c1NG 03 T\u1ea0I JDO GROUP] &#8211; V\u1eca TR\u00cd FRESHER BACKEND DEVELOPER<\/h3>\n                            <\/div>\n                        <\/a>\n                    <\/div>\n                                        <div class=\"c-item blogBorderBg\" id=\"post-11514\">\n                        <a class=\"c-item__main blogBorderBg-main\" href=\"https:\/\/jdo.vn\/vi\/bang-tin-tuyen-dung-thang-02-tai-jdo-group-vi-tri-fresher-business-analyst\/\" rel=\"bookmark\">\n                            <figure class=\"c-item__image\">\n                                <img decoding=\"async\" src=\"https:\/\/jdo.vn\/wp-content\/uploads\/2025\/02\/TUYEN-DUNG-BA.png\" alt=\"[B\u1ea2NG TIN TUY\u1ec2N D\u1ee4NG TH\u00c1NG 03 T\u1ea0I JDO GROUP] &#8211; V\u1eca TR\u00cd BUSINESS ANALYST\">                            <\/figure>\n                            <div class=\"c-item__content\">\n                                <p class=\"c-item__date\">27\/02\/2025<\/p>\n                                <h3 class=\"c-item__ttl\">[B\u1ea2NG TIN TUY\u1ec2N D\u1ee4NG TH\u00c1NG 03 T\u1ea0I JDO GROUP] &#8211; V\u1eca TR\u00cd BUSINESS ANALYST<\/h3>\n                            <\/div>\n                        <\/a>\n                    <\/div>\n                                        <div class=\"c-item blogBorderBg\" id=\"post-11485\">\n                        <a class=\"c-item__main blogBorderBg-main\" href=\"https:\/\/jdo.vn\/vi\/bang-tin-tuyen-dung-thang-02-tai-jdo-group-vi-tri-sales-business-development\/\" rel=\"bookmark\">\n                            <figure class=\"c-item__image\">\n                                <img decoding=\"async\" src=\"https:\/\/jdo.vn\/wp-content\/uploads\/2025\/02\/SALES-BD.png\" alt=\"[B\u1ea2NG TIN TUY\u1ec2N D\u1ee4NG TH\u00c1NG 02 T\u1ea0I JDO GROUP] &#8211; V\u1eca TR\u00cd SALES &amp; BUSINESS DEVELOPMENT\">                            <\/figure>\n                            <div class=\"c-item__content\">\n                                <p class=\"c-item__date\">22\/02\/2025<\/p>\n                                <h3 class=\"c-item__ttl\">[B\u1ea2NG TIN TUY\u1ec2N D\u1ee4NG TH\u00c1NG 02 T\u1ea0I JDO GROUP] &#8211; V\u1eca TR\u00cd SALES &amp; BUSINESS DEVELOPMENT<\/h3>\n                            <\/div>\n                        <\/a>\n                    <\/div>\n                    <\/div><\/div><\/div><\/div><\/div>\n\n<\/div>\n\t\t\t\t<\/div>\n\t\t\t\t<\/div>\n\t\t\t\t\t<\/div>\n\t\t\t\t<\/div>\n\t\t\t\t\t\t\t<\/div>\n\t\t","protected":false},"excerpt":{"rendered":"News","protected":false},"author":2,"featured_media":0,"parent":0,"menu_order":0,"comment_status":"closed","ping_status":"closed","template":"elementor_header_footer","meta":{"footnotes":""},"class_list":["post-11307","page","type-page","status-publish","hentry"],"acf":[],"_links":{"self":[{"href":"https:\/\/jdo.vn\/vi\/wp-json\/wp\/v2\/pages\/11307","targetHints":{"allow":["GET"]}}],"collection":[{"href":"https:\/\/jdo.vn\/vi\/wp-json\/wp\/v2\/pages"}],"about":[{"href":"https:\/\/jdo.vn\/vi\/wp-json\/wp\/v2\/types\/page"}],"author":[{"embeddable":true,"href":"https:\/\/jdo.vn\/vi\/wp-json\/wp\/v2\/users\/2"}],"replies":[{"embeddable":true,"href":"https:\/\/jdo.vn\/vi\/wp-json\/wp\/v2\/comments?post=11307"}],"version-history":[{"count":5,"href":"https:\/\/jdo.vn\/vi\/wp-json\/wp\/v2\/pages\/11307\/revisions"}],"predecessor-version":[{"id":11406,"href":"https:\/\/jdo.vn\/vi\/wp-json\/wp\/v2\/pages\/11307\/revisions\/11406"}],"wp:attachment":[{"href":"https:\/\/jdo.vn\/vi\/wp-json\/wp\/v2\/media?parent=11307"}],"curies":[{"name":"wp","href":"https:\/\/api.w.org\/{rel}","templated":true}]}}